{"id":1239,"date":"2021-12-18T21:53:49","date_gmt":"2021-12-18T21:53:49","guid":{"rendered":"https:\/\/limitlesscoaching.fr\/?page_id=1239"},"modified":"2022-06-11T13:57:49","modified_gmt":"2022-06-11T13:57:49","slug":"contact","status":"publish","type":"page","link":"https:\/\/limitlesscoaching.fr\/index.php\/contact\/","title":{"rendered":"Contact"},"content":{"rendered":"\n<h2>\n\t\tME CONTACTER\n\t<\/h2>\n\t<i>Pour me contacter, je vous invite \u00e0 utiliser le formulaire ci-dessous.<br \/>\nJe prends le soin de lire tous vos messages et d&#8217;y r\u00e9pondre.<\/i>\n<p><i>Merci pour l&#8217;attention que vous portez \u00e0 mon travail, j&#8217;en suis tr\u00e8s reconnaissant.<\/i><\/p>\n<p>Si vous \u00eates int\u00e9ress\u00e9(e) par un accompagnement et pour en savoir plus sur <strong>mon offre de coaching :<\/strong><\/p>\n\t\t\t<a href=\"https:\/\/limitlesscoaching.fr\/index.php\/coaching\/\" target=\"_self\" role=\"button\" rel=\"noopener\">\n\t\t\t\t\t\tCliquez ici\n\t\t\t\t\t<\/a>\n\t\t\t\t<img decoding=\"async\" src=\"https:\/\/limitlesscoaching.fr\/wp-content\/uploads\/2021\/12\/xavier_contact.jpg\" alt=\"xavier_contact\" title=\"xavier_contact\" itemprop=\"image\"\/>\n\t<h3>\n\t\t\t\tFormulaire de contact\n\t\t\t<\/h3>\n\t\n\t\n \n<form action=\"\/?page_id=1239&#038;fl_builder#wpcf7-f1241-o1\" method=\"post\" novalidate=\"novalidate\" data-status=\"init\">\n<input type=\"hidden\" name=\"_wpcf7\" value=\"1241\" \/>\n<input type=\"hidden\" name=\"_wpcf7_version\" value=\"5.5.6.1\" \/>\n<input type=\"hidden\" name=\"_wpcf7_locale\" value=\"en_US\" \/>\n<input type=\"hidden\" name=\"_wpcf7_unit_tag\" value=\"wpcf7-f1241-o1\" \/>\n<input type=\"hidden\" name=\"_wpcf7_container_post\" value=\"0\" \/>\n<input type=\"hidden\" name=\"_wpcf7_posted_data_hash\" value=\"\" \/>\n<label> Votre nom<br \/>\n    <input type=\"text\" name=\"your-name\" value=\"\" size=\"40\" aria-required=\"true\" aria-invalid=\"false\" \/> <\/label>\n<label> Votre email<br \/>\n    <input type=\"email\" name=\"your-email\" value=\"\" size=\"40\" aria-required=\"true\" aria-invalid=\"false\" \/> <\/label>\n<label> Sujet<br \/>\n    <input type=\"text\" name=\"your-subject\" value=\"\" size=\"40\" aria-required=\"true\" aria-invalid=\"false\" \/> <\/label>\n<label> Votre message (optional)<br \/>\n    <textarea name=\"your-message\" cols=\"40\" rows=\"10\" aria-invalid=\"false\"><\/textarea> <\/label>\n<p><input type=\"submit\" value=\"Envoyer\" \/><\/p>\n<\/form>\n\n","protected":false},"excerpt":{"rendered":"<p>ME CONTACTER Pour me contacter, je vous invite \u00e0 utiliser le formulaire ci-dessous. Je prends le soin de lire tous vos messages et d&#8217;y r\u00e9pondre. Merci pour l&#8217;attention que vous portez \u00e0 mon travail, j&#8217;en suis tr\u00e8s reconnaissant. Si vous \u00eates int\u00e9ress\u00e9(e) par un accompagnement et pour en savoir plus sur mon offre de coaching [&hellip;]<\/p>\n","protected":false},"author":1,"featured_media":0,"parent":0,"menu_order":0,"comment_status":"closed","ping_status":"closed","template":"","meta":{"om_disable_all_campaigns":false,"_monsterinsights_skip_tracking":false,"_monsterinsights_sitenote_active":false,"_monsterinsights_sitenote_note":"","_monsterinsights_sitenote_category":0,"site-sidebar-layout":"no-sidebar","site-content-layout":"page-builder","ast-site-content-layout":"","site-content-style":"default","site-sidebar-style":"default","ast-global-header-display":"","ast-banner-title-visibility":"","ast-main-header-display":"","ast-hfb-above-header-display":"","ast-hfb-below-header-display":"","ast-hfb-mobile-header-display":"","site-post-title":"disabled","ast-breadcrumbs-content":"disabled","ast-featured-img":"disabled","footer-sml-layout":"","theme-transparent-header-meta":"enabled","adv-header-id-meta":"","stick-header-meta":"","header-above-stick-meta":"","header-main-stick-meta":"","header-below-stick-meta":"","astra-migrate-meta-layouts":"default","ast-page-background-enabled":"default","ast-page-background-meta":{"desktop":{"background-color":"","background-image":"","background-repeat":"repeat","background-position":"center center","background-size":"auto","background-attachment":"scroll","background-type":"","background-media":"","overlay-type":"","overlay-color":"","overlay-opacity":"","overlay-gradient":""},"tablet":{"background-color":"","background-image":"","background-repeat":"repeat","background-position":"center center","background-size":"auto","background-attachment":"scroll","background-type":"","background-media":"","overlay-type":"","overlay-color":"","overlay-opacity":"","overlay-gradient":""},"mobile":{"background-color":"","background-image":"","background-repeat":"repeat","background-position":"center center","background-size":"auto","background-attachment":"scroll","background-type":"","background-media":"","overlay-type":"","overlay-color":"","overlay-opacity":"","overlay-gradient":""}},"ast-content-background-meta":{"desktop":{"background-color":"var(--ast-global-color-5)","background-image":"","background-repeat":"repeat","background-position":"center center","background-size":"auto","background-attachment":"scroll","background-type":"","background-media":"","overlay-type":"","overlay-color":"","overlay-opacity":"","overlay-gradient":""},"tablet":{"background-color":"var(--ast-global-color-5)","background-image":"","background-repeat":"repeat","background-position":"center center","background-size":"auto","background-attachment":"scroll","background-type":"","background-media":"","overlay-type":"","overlay-color":"","overlay-opacity":"","overlay-gradient":""},"mobile":{"background-color":"var(--ast-global-color-5)","background-image":"","background-repeat":"repeat","background-position":"center center","background-size":"auto","background-attachment":"scroll","background-type":"","background-media":"","overlay-type":"","overlay-color":"","overlay-opacity":"","overlay-gradient":""}},"footnotes":""},"class_list":["post-1239","page","type-page","status-publish","hentry"],"aioseo_notices":[],"_links":{"self":[{"href":"https:\/\/limitlesscoaching.fr\/index.php\/wp-json\/wp\/v2\/pages\/1239","targetHints":{"allow":["GET"]}}],"collection":[{"href":"https:\/\/limitlesscoaching.fr\/index.php\/wp-json\/wp\/v2\/pages"}],"about":[{"href":"https:\/\/limitlesscoaching.fr\/index.php\/wp-json\/wp\/v2\/types\/page"}],"author":[{"embeddable":true,"href":"https:\/\/limitlesscoaching.fr\/index.php\/wp-json\/wp\/v2\/users\/1"}],"replies":[{"embeddable":true,"href":"https:\/\/limitlesscoaching.fr\/index.php\/wp-json\/wp\/v2\/comments?post=1239"}],"version-history":[{"count":26,"href":"https:\/\/limitlesscoaching.fr\/index.php\/wp-json\/wp\/v2\/pages\/1239\/revisions"}],"predecessor-version":[{"id":1505,"href":"https:\/\/limitlesscoaching.fr\/index.php\/wp-json\/wp\/v2\/pages\/1239\/revisions\/1505"}],"wp:attachment":[{"href":"https:\/\/limitlesscoaching.fr\/index.php\/wp-json\/wp\/v2\/media?parent=1239"}],"curies":[{"name":"wp","href":"https:\/\/api.w.org\/{rel}","templated":true}]}}