{"id":1295,"date":"2022-01-13T20:42:56","date_gmt":"2022-01-13T20:42:56","guid":{"rendered":"https:\/\/limitlesscoaching.fr\/?page_id=1295"},"modified":"2022-04-05T21:03:11","modified_gmt":"2022-04-05T21:03:11","slug":"coaching","status":"publish","type":"page","link":"https:\/\/limitlesscoaching.fr\/index.php\/coaching\/","title":{"rendered":"Coaching"},"content":{"rendered":"\n\n\t<h1>\n\t\t\t\tCoaching\n\t\t\t<\/h1>\n\t<h2>\n\t\t\t\tVous \u00eates l&#8217;acteur de votre vie&#8230;\n\t\t\t<\/h2>\n\t<p>Je vois mon r\u00f4le de coach comme celui d&#8217;un guide qui vous accompagnera afin que vous puissiez briser vos barri\u00e8res mentales, d\u00e9construire vos pens\u00e9es limitantes, je vous accompagne pour vous aider \u00e0 dessiner les contours de votre vie r\u00eav\u00e9e.<\/p>\n\t\t\t\t<img loading=\"lazy\" decoding=\"async\" src=\"https:\/\/limitlesscoaching.fr\/wp-content\/uploads\/2022\/01\/coaching1_3.png\" alt=\"coaching1_3\" itemprop=\"image\" height=\"600\" width=\"600\" title=\"coaching1_3\" onerror=\"this.style.display='none'\"  \/>\n\t<p>Je ne pourrai rien faire \u00e0 votre place mais par contre je serai celui qui saura vous orienter, vous conseiller avec des outils adapt\u00e9s que je mettrai \u00e0 votre disposition pour que vous puissiez atteindre vos objectifs, r\u00e9aliser vos r\u00eaves, vous \u00e9panouir dans votre vie.<\/p>\n<p>Que vous ayez des probl\u00e8mes de pose d&#8217;objectifs, d&#8217;atteintes de ces objectifs, d&#8217;organisation, de productivit\u00e9 ou encore des probl\u00e8mes relationnels (communication, conflits, etc.). Ou bien des probl\u00e8mes li\u00e9s \u00e0 un manque de confiance en soi, d&#8217;estime de soi.<\/p>\n\t<h3>\n\t\t\t\tDes outils sp\u00e9cifiques et adapt\u00e9s \u00e0 vos besoins&#8230;\n\t\t\t<\/h3>\n\t<p>Les outils tels que la PNL, l&#8217;analyse transactionnelle, la mise en place de routines efficaces, performantes et adapt\u00e9es \u00e0 vous et vos contraintes. <\/p>\n<p>Je vous aiderai \u00e0 atteindre un niveau de conscience de vos capacit\u00e9s et de ce qui vous limite afin que vous puissiez mettre le curseur au bon endroit et faire ce que la grande majorit\u00e9 des gens ne parviennent pas \u00e0 faire.<\/p>\n\t<h3>\n\t\t\t\tComment se passe une s\u00e9ance?\n\t\t\t<\/h3>\n<h6>\n\t\t01.\n\t<\/h6>\n\t<h4>\n\t\t\t\tAppel t\u00e9l\u00e9phonique\n\t\t\t<\/h4>\n\t\t\t<p>je vous propose un premier appel t\u00e9l\u00e9phonique de 15 minutes afin de faire connaissance et d&#8217;en savoir plus sur vos attentes.<\/p>\t\n<h6>\n\t\t02.\n\t<\/h6>\n\t<h4>\n\t\t\t\tCoaching hebdomadaire\n\t\t\t<\/h4>\n\t\t\t<p>Puis nous entamons notre programme de coaching en visio via Zoom pour une s\u00e9ance hebdomadaire pendant un mois dans un premier temps. <\/p>\t\n<h6>\n\t\t03.\n\t<\/h6>\n\t<h4>\n\t\t\t\tBilan\n\t\t\t<\/h4>\n\t\t\t<p>\u00c0 l&#8217;issue de ce premier mois, nous ferons un bilan et nous adapterons en fonction des besoins le nombre de s\u00e9ances \u00e0 venir.<\/p>\t\n\t\t\t\t<img loading=\"lazy\" decoding=\"async\" src=\"https:\/\/limitlesscoaching.fr\/wp-content\/uploads\/2022\/04\/coaching4.png\" alt=\"coaching4\" itemprop=\"image\" height=\"600\" width=\"600\" title=\"coaching4\" onerror=\"this.style.display='none'\"  \/>\n\t<h3>\n\t\t\t\tLe coaching \u00e0 votre disposition&#8230;\n\t\t\t<\/h3>\n\t<p>J&#8217;interviens \u00e9galement en entreprise, en pr\u00e9sentiel mais aussi en visio. Managers, chef d&#8217;entreprise ou encore collaborateurs, je vous propose un accompagnement personnalis\u00e9 et adapt\u00e9 \u00e0 vos besoins sur du court, moyen et long terme.<\/p>\n\t\t\t<a href=\"https:\/\/limitlesscoaching.fr\/index.php\/contact\/\" target=\"_self\" role=\"button\" rel=\"noopener\">\n\t\t\t\t\t\tContactez moi\n\t\t\t\t\t<\/a>\n\n","protected":false},"excerpt":{"rendered":"<p>Coaching Vous \u00eates l&#8217;acteur de votre vie&#8230; Je vois mon r\u00f4le de coach comme celui d&#8217;un guide qui vous accompagnera afin que vous puissiez briser vos barri\u00e8res mentales, d\u00e9construire vos pens\u00e9es limitantes, je vous accompagne pour vous aider \u00e0 dessiner les contours de votre vie r\u00eav\u00e9e. Je ne pourrai rien faire \u00e0 votre place mais [&hellip;]<\/p>\n","protected":false},"author":1,"featured_media":0,"parent":0,"menu_order":0,"comment_status":"closed","ping_status":"closed","template":"","meta":{"om_disable_all_campaigns":false,"_monsterinsights_skip_tracking":false,"_monsterinsights_sitenote_active":false,"_monsterinsights_sitenote_note":"","_monsterinsights_sitenote_category":0,"site-sidebar-layout":"no-sidebar","site-content-layout":"page-builder","ast-site-content-layout":"","site-content-style":"default","site-sidebar-style":"default","ast-global-header-display":"","ast-banner-title-visibility":"","ast-main-header-display":"","ast-hfb-above-header-display":"","ast-hfb-below-header-display":"","ast-hfb-mobile-header-display":"","site-post-title":"disabled","ast-breadcrumbs-content":"disabled","ast-featured-img":"disabled","footer-sml-layout":"","theme-transparent-header-meta":"enabled","adv-header-id-meta":"","stick-header-meta":"","header-above-stick-meta":"","header-main-stick-meta":"","header-below-stick-meta":"","astra-migrate-meta-layouts":"default","ast-page-background-enabled":"default","ast-page-background-meta":{"desktop":{"background-color":"","background-image":"","background-repeat":"repeat","background-position":"center center","background-size":"auto","background-attachment":"scroll","background-type":"","background-media":"","overlay-type":"","overlay-color":"","overlay-opacity":"","overlay-gradient":""},"tablet":{"background-color":"","background-image":"","background-repeat":"repeat","background-position":"center center","background-size":"auto","background-attachment":"scroll","background-type":"","background-media":"","overlay-type":"","overlay-color":"","overlay-opacity":"","overlay-gradient":""},"mobile":{"background-color":"","background-image":"","background-repeat":"repeat","background-position":"center center","background-size":"auto","background-attachment":"scroll","background-type":"","background-media":"","overlay-type":"","overlay-color":"","overlay-opacity":"","overlay-gradient":""}},"ast-content-background-meta":{"desktop":{"background-color":"var(--ast-global-color-5)","background-image":"","background-repeat":"repeat","background-position":"center center","background-size":"auto","background-attachment":"scroll","background-type":"","background-media":"","overlay-type":"","overlay-color":"","overlay-opacity":"","overlay-gradient":""},"tablet":{"background-color":"var(--ast-global-color-5)","background-image":"","background-repeat":"repeat","background-position":"center center","background-size":"auto","background-attachment":"scroll","background-type":"","background-media":"","overlay-type":"","overlay-color":"","overlay-opacity":"","overlay-gradient":""},"mobile":{"background-color":"var(--ast-global-color-5)","background-image":"","background-repeat":"repeat","background-position":"center center","background-size":"auto","background-attachment":"scroll","background-type":"","background-media":"","overlay-type":"","overlay-color":"","overlay-opacity":"","overlay-gradient":""}},"footnotes":""},"class_list":["post-1295","page","type-page","status-publish","hentry"],"aioseo_notices":[],"_links":{"self":[{"href":"https:\/\/limitlesscoaching.fr\/index.php\/wp-json\/wp\/v2\/pages\/1295","targetHints":{"allow":["GET"]}}],"collection":[{"href":"https:\/\/limitlesscoaching.fr\/index.php\/wp-json\/wp\/v2\/pages"}],"about":[{"href":"https:\/\/limitlesscoaching.fr\/index.php\/wp-json\/wp\/v2\/types\/page"}],"author":[{"embeddable":true,"href":"https:\/\/limitlesscoaching.fr\/index.php\/wp-json\/wp\/v2\/users\/1"}],"replies":[{"embeddable":true,"href":"https:\/\/limitlesscoaching.fr\/index.php\/wp-json\/wp\/v2\/comments?post=1295"}],"version-history":[{"count":37,"href":"https:\/\/limitlesscoaching.fr\/index.php\/wp-json\/wp\/v2\/pages\/1295\/revisions"}],"predecessor-version":[{"id":1473,"href":"https:\/\/limitlesscoaching.fr\/index.php\/wp-json\/wp\/v2\/pages\/1295\/revisions\/1473"}],"wp:attachment":[{"href":"https:\/\/limitlesscoaching.fr\/index.php\/wp-json\/wp\/v2\/media?parent=1295"}],"curies":[{"name":"wp","href":"https:\/\/api.w.org\/{rel}","templated":true}]}}