{"id":1362,"date":"2022-01-19T20:50:37","date_gmt":"2022-01-19T20:50:37","guid":{"rendered":"https:\/\/limitlesscoaching.fr\/?page_id=1362"},"modified":"2022-01-21T21:20:50","modified_gmt":"2022-01-21T21:20:50","slug":"mentions-legales","status":"publish","type":"page","link":"https:\/\/limitlesscoaching.fr\/index.php\/mentions-legales\/","title":{"rendered":"Mentions l\u00e9gales"},"content":{"rendered":"\n<h4 class=\"wp-block-heading\">Editeur<\/h4>\n\n\n\n<p><strong>COROSINE Xavier<br><\/strong>4 Avenue Raymond Croland, 92260 Fontenay aux Roses<\/p>\n\n\n\n<p>email : <a href=\"mailto:xavier@limitlesscoaching.fr\">xavier@limitlesscoaching.fr<\/a><\/p>\n\n\n\n<p>N\u00b0 SIRET : 533 226 205 00037<\/p>\n\n\n\n<h4 class=\"wp-block-heading\">Cr\u00e9dits photos<\/h4>\n\n\n\n<p><strong>Mathilde Magne<\/strong> &#8211; <a href=\"https:\/\/www.studio-makaron.com\/\">www.studio-makaron.com<\/a><\/p>\n\n\n\n<h4 class=\"wp-block-heading\">H\u00e9bergement<\/h4>\n\n\n\n<p><strong>Hostinger International Ltd<\/strong>, 61 Lordou Vironos st. 6023 Larnaca, Chypre<\/p>\n\n\n\n<h4 class=\"wp-block-heading\">Propri\u00e9t\u00e9 intellectuelle<\/h4>\n\n\n\n<p>Le propri\u00e9taire du site est propri\u00e9taire des droits de propri\u00e9t\u00e9 intellectuelle ou d\u00e9tient les droits d\u2019usage sur tous les \u00e9l\u00e9ments accessibles sur le site, notamment les textes, images, graphismes, logo, ic\u00f4nes, sons, logiciels\u2026 Toute reproduction, repr\u00e9sentation, modification, publication, adaptation totale ou partielle des \u00e9l\u00e9ments du site, quel que soit le moyen ou le proc\u00e9d\u00e9 utilis\u00e9, sans l\u2019autorisation expresse de Xavier Corosine, est interdite.<\/p>\n\n\n\n<p>Toute exploitation non autoris\u00e9e du site ou de l\u2019un des \u00e9l\u00e9ments qu\u2019il contient sera consid\u00e9r\u00e9e comme constitutive d\u2019une contrefa\u00e7on et poursuivie conform\u00e9ment aux dispositions des articles L.335-2 et suivants du Code de Propri\u00e9t\u00e9 Intellectuelle.<\/p>\n","protected":false},"excerpt":{"rendered":"<p>Editeur COROSINE Xavier4 Avenue Raymond Croland, 92260 Fontenay aux Roses email : xavier@limitlesscoaching.fr N\u00b0 SIRET : 533 226 205 00037 Cr\u00e9dits photos Mathilde Magne &#8211; www.studio-makaron.com H\u00e9bergement Hostinger International Ltd, 61 Lordou Vironos st. 6023 Larnaca, Chypre Propri\u00e9t\u00e9 intellectuelle Le propri\u00e9taire du site est propri\u00e9taire des droits de propri\u00e9t\u00e9 intellectuelle ou d\u00e9tient les droits d\u2019usage [&hellip;]<\/p>\n","protected":false},"author":1,"featured_media":0,"parent":0,"menu_order":0,"comment_status":"closed","ping_status":"closed","template":"","meta":{"om_disable_all_campaigns":false,"_monsterinsights_skip_tracking":false,"_monsterinsights_sitenote_active":false,"_monsterinsights_sitenote_note":"","_monsterinsights_sitenote_category":0,"site-sidebar-layout":"default","site-content-layout":"","ast-site-content-layout":"","site-content-style":"default","site-sidebar-style":"default","ast-global-header-display":"","ast-banner-title-visibility":"","ast-main-header-display":"","ast-hfb-above-header-display":"","ast-hfb-below-header-display":"","ast-hfb-mobile-header-display":"","site-post-title":"","ast-breadcrumbs-content":"","ast-featured-img":"","footer-sml-layout":"","theme-transparent-header-meta":"","adv-header-id-meta":"","stick-header-meta":"","header-above-stick-meta":"","header-main-stick-meta":"","header-below-stick-meta":"","astra-migrate-meta-layouts":"default","ast-page-background-enabled":"default","ast-page-background-meta":{"desktop":{"background-color":"","background-image":"","background-repeat":"repeat","background-position":"center center","background-size":"auto","background-attachment":"scroll","background-type":"","background-media":"","overlay-type":"","overlay-color":"","overlay-opacity":"","overlay-gradient":""},"tablet":{"background-color":"","background-image":"","background-repeat":"repeat","background-position":"center center","background-size":"auto","background-attachment":"scroll","background-type":"","background-media":"","overlay-type":"","overlay-color":"","overlay-opacity":"","overlay-gradient":""},"mobile":{"background-color":"","background-image":"","background-repeat":"repeat","background-position":"center center","background-size":"auto","background-attachment":"scroll","background-type":"","background-media":"","overlay-type":"","overlay-color":"","overlay-opacity":"","overlay-gradient":""}},"ast-content-background-meta":{"desktop":{"background-color":"var(--ast-global-color-5)","background-image":"","background-repeat":"repeat","background-position":"center center","background-size":"auto","background-attachment":"scroll","background-type":"","background-media":"","overlay-type":"","overlay-color":"","overlay-opacity":"","overlay-gradient":""},"tablet":{"background-color":"var(--ast-global-color-5)","background-image":"","background-repeat":"repeat","background-position":"center center","background-size":"auto","background-attachment":"scroll","background-type":"","background-media":"","overlay-type":"","overlay-color":"","overlay-opacity":"","overlay-gradient":""},"mobile":{"background-color":"var(--ast-global-color-5)","background-image":"","background-repeat":"repeat","background-position":"center center","background-size":"auto","background-attachment":"scroll","background-type":"","background-media":"","overlay-type":"","overlay-color":"","overlay-opacity":"","overlay-gradient":""}},"footnotes":""},"class_list":["post-1362","page","type-page","status-publish","hentry"],"aioseo_notices":[],"_links":{"self":[{"href":"https:\/\/limitlesscoaching.fr\/index.php\/wp-json\/wp\/v2\/pages\/1362","targetHints":{"allow":["GET"]}}],"collection":[{"href":"https:\/\/limitlesscoaching.fr\/index.php\/wp-json\/wp\/v2\/pages"}],"about":[{"href":"https:\/\/limitlesscoaching.fr\/index.php\/wp-json\/wp\/v2\/types\/page"}],"author":[{"embeddable":true,"href":"https:\/\/limitlesscoaching.fr\/index.php\/wp-json\/wp\/v2\/users\/1"}],"replies":[{"embeddable":true,"href":"https:\/\/limitlesscoaching.fr\/index.php\/wp-json\/wp\/v2\/comments?post=1362"}],"version-history":[{"count":2,"href":"https:\/\/limitlesscoaching.fr\/index.php\/wp-json\/wp\/v2\/pages\/1362\/revisions"}],"predecessor-version":[{"id":1377,"href":"https:\/\/limitlesscoaching.fr\/index.php\/wp-json\/wp\/v2\/pages\/1362\/revisions\/1377"}],"wp:attachment":[{"href":"https:\/\/limitlesscoaching.fr\/index.php\/wp-json\/wp\/v2\/media?parent=1362"}],"curies":[{"name":"wp","href":"https:\/\/api.w.org\/{rel}","templated":true}]}}