{"id":3,"date":"2021-05-22T08:53:03","date_gmt":"2021-05-22T08:53:03","guid":{"rendered":"http:\/\/limitlesscoaching.fr\/?page_id=3"},"modified":"2022-01-19T20:41:00","modified_gmt":"2022-01-19T20:41:00","slug":"privacy-policy","status":"publish","type":"page","link":"https:\/\/limitlesscoaching.fr\/index.php\/privacy-policy\/","title":{"rendered":"Politique de confidentialit\u00e9"},"content":{"rendered":"\n<h4 class=\"wp-block-heading\">Introduction<\/h4>\n\n\n\n<p>Xavier Corosine s\u2019engage \u00e0 prot\u00e9ger et \u00e0 respecter votre vie priv\u00e9e dans le cadre de votre utilisation de son site Web&nbsp;<a href=\"https:\/\/www.noubliejamais.fr\/\">https:\/\/www.limitlesscoaching.fr<\/a>, de son formulaire et de sa newsletter. Cette politique de confidentialit\u00e9 d\u00e9finit la base sur laquelle il g\u00e8re les renseignements personnels qu&#8217;il aura recueilli aupr\u00e8s de vous, ou que vous lui fournissez.<\/p>\n\n\n\n<p>Merci de lire attentivement ce qui suit pour comprendre nos pratiques concernant vos informations personnelles (encore appel\u00e9es \u00ab&nbsp;vos donn\u00e9es&nbsp;\u00bb) et la fa\u00e7on dont nous les recueillons, utilisons et divulguons.<\/p>\n\n\n\n<h4 class=\"wp-block-heading\"><strong>1. D\u00e9finition des donn\u00e9es personnelles<\/strong><\/h4>\n\n\n\n<p>Les donn\u00e9es personnelles correspondent aux informations relatives \u00e0 une personne identifi\u00e9e ou identifiable, par exemple des donn\u00e9es telles que vos coordonn\u00e9es.<\/p>\n\n\n\n<h4 class=\"wp-block-heading\">2. <strong>Principes g\u00e9n\u00e9raux du traitement des donn\u00e9es personnelles<\/strong><\/h4>\n\n\n\n<p>Nous appliquons les principes suivants lors du traitement de vos donn\u00e9es personnelles :<\/p>\n\n\n\n<p><strong>1.<\/strong> nous ne collectons des donn\u00e9es personnelles qu\u2019\u00e0 des fins sp\u00e9cifi\u00e9es, explicites et l\u00e9gitimes ;<\/p>\n\n\n\n<p><strong>2.<\/strong> nous ne collectons pas de donn\u00e9es au-del\u00e0 de ce qui est n\u00e9cessaire pour remplir ces objectifs ;<\/p>\n\n\n\n<p><strong>3.<\/strong> nous n\u2019utilisons pas de donn\u00e9es personnelles \u00e0 d\u2019autres fins que celles pour lesquelles elles ont \u00e9t\u00e9 collect\u00e9es, hormis ce qui est sp\u00e9cifi\u00e9 dans la pr\u00e9sente ou avec votre consentement pr\u00e9alable ;<\/p>\n\n\n\n<p><strong>4. <\/strong>nous ne transf\u00e9rons pas les donn\u00e9es personnelles \u00e0 des tiers, hormis ce qui est sp\u00e9cifi\u00e9 dans la pr\u00e9sente ou avec votre consentement pr\u00e9alable ;<\/p>\n\n\n\n<p><strong>5. <\/strong>nous mettons en place des mesures techniques et organisationnelles appropri\u00e9es pour prot\u00e9ger vos donn\u00e9es personnelles contre toute destruction accidentelle ou illicite ou contre la perte accidentelle, l\u2019alt\u00e9ration, la diffusion ou l\u2019acc\u00e8s non autoris\u00e9s ainsi que contre toute autre forme de traitement illicite.<\/p>\n\n\n\n<p><strong>6. <\/strong>hormis ce qui est sp\u00e9cifi\u00e9 dans la pr\u00e9sente, nous ne conservons pas les donn\u00e9es personnelles au-del\u00e0 de la dur\u00e9e n\u00e9cessaire pour atteindre l\u2019objectif pour lequel elles ont \u00e9t\u00e9 collect\u00e9es ou pour lequel elles font l\u2019objet d\u2019un traitement ult\u00e9rieur ou lorsque la loi l\u2019exige.<\/p>\n\n\n\n<h4 class=\"wp-block-heading\">3. <strong>Donn\u00e9es personnelles collect\u00e9es et trait\u00e9es<\/strong><\/h4>\n\n\n\n<p>Les donn\u00e9es personnelles que nous collectons et traitons concernent :<\/p>\n\n\n\n<p>Votre adresse e-mail et votre nom, lorsque vous d\u00e9posez un message via notre formulaire de <a href=\"http:\/\/changemavie.com\/contact\">contact<\/a>.<\/p>\n\n\n\n<p><meta charset=\"utf-8\">Votre adresse e-mail et votre nom, que nous collectons avec votre consentement lors de votre inscription \u00e0 notre newsletter, inscription confirm\u00e9e par un e-mail de confirmation. <\/p>\n\n\n\n<p>If you edit or publish an article, an additional cookie will be saved in your browser. This cookie includes no personal data and simply indicates the post ID of the article you just edited. It expires after 1 day.<\/p>\n\n\n\n<h4 class=\"wp-block-heading\"><strong>4. Utilisation de vos donn\u00e9es personnelles<\/strong><\/h4>\n\n\n\n<p>Vos donn\u00e9es personnelles sont utilis\u00e9es pour :<\/p>\n\n\n\n<p>L&#8217;analyse des statistiques de fr\u00e9quentation du site.<\/p>\n\n\n\n<p>R\u00e9pondre \u00e0 vos demandes via le formulaire de contact.<\/p>\n\n\n\n<p>Vous envoyez des informations concernant l&#8217;actualit\u00e9 du site<\/p>\n\n\n\n<h4 class=\"wp-block-heading\"><strong>5. Traitement et conservation des donn\u00e9es personnelles<\/strong><\/h4>\n\n\n\n<p>Vos donn\u00e9es personnelles sont par principe conserv\u00e9es et trait\u00e9es au sein de l\u2019Espace \u00e9conomique europ\u00e9en (EEE).<\/p>\n\n\n\n<p>Nous pouvons toutefois recourir \u00e0 des prestataires situ\u00e9s hors de l\u2019Union Europ\u00e9enne pour l\u2019h\u00e9bergement du site internet et des contenus. Ce transfert est r\u00e9alis\u00e9 conform\u00e9ment aux garanties juridiques reconnues par le R\u00e8glement g\u00e9n\u00e9ral sur la protection des donn\u00e9es (RGPD).<\/p>\n\n\n\n<p>Nous conservons vos informations pendant une dur\u00e9e n\u2019exc\u00e9dant pas celle n\u00e9cessaire aux fins pour lesquelles elles ont \u00e9t\u00e9 collect\u00e9es.<\/p>\n\n\n\n<p>Par ailleurs, nous pouvons transmettre vos donn\u00e9es personnelles \u00e0 des tiers dans la mesure requise par la loi, une ordonnance du tribunal ou par une d\u00e9cision rendue par une autorit\u00e9 publique comp\u00e9tente et \u00e0 des fins de maintien de l\u2019ordre.<\/p>\n\n\n\n<h4 class=\"wp-block-heading\"><meta charset=\"utf-8\"><strong>6. Vos droits sur ces donn\u00e9es personnelles<\/strong><\/h4>\n\n\n\n<p>Vous avez le droit d\u2019acc\u00e9der \u00e0 tout ou partie des donn\u00e9es personnelles vous concernant que nous traitons.<\/p>\n\n\n\n<p>Vous pouvez nous demander de mettre \u00e0 jour tout ou partie de vos donn\u00e9es personnelles qui seraient inexactes ou qui ne seraient plus \u00e0 jour.<\/p>\n\n\n\n<p>Vous pouvez nous demander l\u2019effacement de tout ou partie de vos donn\u00e9es personnelles notamment lorsque les donn\u00e9es ne sont plus n\u00e9cessaires pour r\u00e9aliser les finalit\u00e9s pour lesquelles elles ont \u00e9t\u00e9 collect\u00e9es.<\/p>\n\n\n\n<h4 class=\"wp-block-heading\"><meta charset=\"utf-8\"><strong>7. Services tiers<\/strong><\/h4>\n\n\n\n<p>Le site web limitlesscoaching peut contenir des liens vers des sites web, plug-ins tiers.<\/p>\n\n\n\n<p>Si vous choisissez d\u2019utiliser ces sites web, plug-ins ou services tiers, vous pouvez \u00eatre amen\u00e9 \u00e0 transmettre vos informations \u00e0 ces tiers. Nous ne sommes pas responsables du contenu ni des pratiques de ces sites web, plug-ins ou services. La collecte, l\u2019utilisation et la transmission de vos donn\u00e9es personnelles seront soumises aux politiques de confidentialit\u00e9 de ces tiers et non \u00e0 la pr\u00e9sente. Nous vous invitons vivement \u00e0 prendre connaissance des politiques de confidentialit\u00e9 et de s\u00e9curit\u00e9 des tiers concern\u00e9s.<\/p>\n\n\n\n<h4 class=\"wp-block-heading\">8.Modifications<\/h4>\n\n\n\n<p>La pr\u00e9sente Politique de confidentialit\u00e9 lorsque cela est n\u00e9cessaire peut subir des modifications afin de refl\u00e9ter les changements de la loi, des r\u00e9glementations ou de la pratique en vigueur. <\/p>\n","protected":false},"excerpt":{"rendered":"<p>Introduction Xavier Corosine s\u2019engage \u00e0 prot\u00e9ger et \u00e0 respecter votre vie priv\u00e9e dans le cadre de votre utilisation de son site Web&nbsp;https:\/\/www.limitlesscoaching.fr, de son formulaire et de sa newsletter. Cette politique de confidentialit\u00e9 d\u00e9finit la base sur laquelle il g\u00e8re les renseignements personnels qu&#8217;il aura recueilli aupr\u00e8s de vous, ou que vous lui fournissez. Merci [&hellip;]<\/p>\n","protected":false},"author":1,"featured_media":0,"parent":0,"menu_order":0,"comment_status":"closed","ping_status":"open","template":"","meta":{"om_disable_all_campaigns":false,"_monsterinsights_skip_tracking":false,"_monsterinsights_sitenote_active":false,"_monsterinsights_sitenote_note":"","_monsterinsights_sitenote_category":0,"site-sidebar-layout":"default","site-content-layout":"","ast-site-content-layout":"","site-content-style":"default","site-sidebar-style":"default","ast-global-header-display":"","ast-banner-title-visibility":"","ast-main-header-display":"","ast-hfb-above-header-display":"","ast-hfb-below-header-display":"","ast-hfb-mobile-header-display":"","site-post-title":"","ast-breadcrumbs-content":"","ast-featured-img":"","footer-sml-layout":"","theme-transparent-header-meta":"","adv-header-id-meta":"","stick-header-meta":"","header-above-stick-meta":"","header-main-stick-meta":"","header-below-stick-meta":"","astra-migrate-meta-layouts":"default","ast-page-background-enabled":"default","ast-page-background-meta":{"desktop":{"background-color":"","background-image":"","background-repeat":"repeat","background-position":"center center","background-size":"auto","background-attachment":"scroll","background-type":"","background-media":"","overlay-type":"","overlay-color":"","overlay-opacity":"","overlay-gradient":""},"tablet":{"background-color":"","background-image":"","background-repeat":"repeat","background-position":"center center","background-size":"auto","background-attachment":"scroll","background-type":"","background-media":"","overlay-type":"","overlay-color":"","overlay-opacity":"","overlay-gradient":""},"mobile":{"background-color":"","background-image":"","background-repeat":"repeat","background-position":"center center","background-size":"auto","background-attachment":"scroll","background-type":"","background-media":"","overlay-type":"","overlay-color":"","overlay-opacity":"","overlay-gradient":""}},"ast-content-background-meta":{"desktop":{"background-color":"var(--ast-global-color-5)","background-image":"","background-repeat":"repeat","background-position":"center center","background-size":"auto","background-attachment":"scroll","background-type":"","background-media":"","overlay-type":"","overlay-color":"","overlay-opacity":"","overlay-gradient":""},"tablet":{"background-color":"var(--ast-global-color-5)","background-image":"","background-repeat":"repeat","background-position":"center center","background-size":"auto","background-attachment":"scroll","background-type":"","background-media":"","overlay-type":"","overlay-color":"","overlay-opacity":"","overlay-gradient":""},"mobile":{"background-color":"var(--ast-global-color-5)","background-image":"","background-repeat":"repeat","background-position":"center center","background-size":"auto","background-attachment":"scroll","background-type":"","background-media":"","overlay-type":"","overlay-color":"","overlay-opacity":"","overlay-gradient":""}},"footnotes":""},"class_list":["post-3","page","type-page","status-publish","hentry"],"aioseo_notices":[],"_links":{"self":[{"href":"https:\/\/limitlesscoaching.fr\/index.php\/wp-json\/wp\/v2\/pages\/3","targetHints":{"allow":["GET"]}}],"collection":[{"href":"https:\/\/limitlesscoaching.fr\/index.php\/wp-json\/wp\/v2\/pages"}],"about":[{"href":"https:\/\/limitlesscoaching.fr\/index.php\/wp-json\/wp\/v2\/types\/page"}],"author":[{"embeddable":true,"href":"https:\/\/limitlesscoaching.fr\/index.php\/wp-json\/wp\/v2\/users\/1"}],"replies":[{"embeddable":true,"href":"https:\/\/limitlesscoaching.fr\/index.php\/wp-json\/wp\/v2\/comments?post=3"}],"version-history":[{"count":4,"href":"https:\/\/limitlesscoaching.fr\/index.php\/wp-json\/wp\/v2\/pages\/3\/revisions"}],"predecessor-version":[{"id":1361,"href":"https:\/\/limitlesscoaching.fr\/index.php\/wp-json\/wp\/v2\/pages\/3\/revisions\/1361"}],"wp:attachment":[{"href":"https:\/\/limitlesscoaching.fr\/index.php\/wp-json\/wp\/v2\/media?parent=3"}],"curies":[{"name":"wp","href":"https:\/\/api.w.org\/{rel}","templated":true}]}}