{"id":975,"date":"2021-04-17T07:25:19","date_gmt":"2021-04-17T07:25:19","guid":{"rendered":"http:\/\/limitlesscoaching.fr\/index.php\/about\/"},"modified":"2022-04-05T21:07:12","modified_gmt":"2022-04-05T21:07:12","slug":"qui-suis-je","status":"publish","type":"page","link":"https:\/\/limitlesscoaching.fr\/index.php\/qui-suis-je\/","title":{"rendered":"Qui suis-je"},"content":{"rendered":"\n\n\t<h1>\n\t\t\t\tQui suis-je ?\n\t\t\t<\/h1>\n\t<h2>\n\t\t\t\tJe m&#8217;appelle Xavier Corosine et je suis coach de vie pr\u00e9parateur mental certifi\u00e9.\n\t\t\t<\/h2>\n\t\t\t\t<img decoding=\"async\" src=\"https:\/\/limitlesscoaching.fr\/wp-content\/uploads\/2021\/12\/qui-suis-je-2.jpg\" alt=\"qui-suis-je-2\" title=\"qui-suis-je-2\" itemprop=\"image\"\/>\n\t<p>Basketteur professionnel durant pr\u00e8s de 15 ans, j&#8217;ai d\u00e9di\u00e9 ma vie au sport et au basket en particulier que je pratique depuis que l&#8217;\u00e2ge de 7 ans. <\/p>\n<p>J&#8217;ai pu, tout au long de ma carri\u00e8re, apprendre l&#8217;exigence requise pour atteindre le haut niveau. La discipline, la rigueur et le d\u00e9passement de soi sont autant de valeurs que le basket m&#8217;a permis d&#8217;appr\u00e9hender, d&#8217;acqu\u00e9rir et de le transposer dans les diff\u00e9rents aspects de ma vie. L&#8217;envie constante de progresser, d&#8217;\u00eatre meilleur que le jour pr\u00e9c\u00e9dent, de s&#8217;ouvrir aux autres et d&#8217;apprendre sans cesse m&#8217;a permis de pouvoir atteindre mes objectifs.<\/p>\n<p>En effet, une meilleure connaissance de son esprit, son mental et de sa mani\u00e8re de fonctionner m&#8217;a aid\u00e9 \u00e0 m&#8217;en servir \u00e0 mon avantage et \u00e0 limiter les tendances n\u00e9gatives ou limitantes que le mental a tendance \u00e0 avoir.<\/p>\n<p>Cela a \u00e9t\u00e9 le premier pas vers le monde des neurosciences. Je trouve le fonctionnement du cerveau fascinant et en conna\u00eetre les rouages est pour moi un atout cons\u00e9quent dans notre vie de tous les jours et dans les actions et comportements que nous adoptons.\u00a0<\/p>\n\t<p><strong>Conna\u00eetre et \u00eatre conscient c&#8217;est se donner la possibilit\u00e9\u00a0 d&#8217;avoir un impact sur ce que nous faisons, ce que nous sommes.<\/strong><\/p>\n<p>Ma rigueur et mon envie d&#8217;apprendre m&#8217;ont pouss\u00e9es \u00e0 structurer mes acquis d&#8217;exp\u00e9rience en me tournant vers la formation. C&#8217;est ainsi que j&#8217;ai suivi une formation de coach en d\u00e9veloppement personnel. <\/p>\n<p>J&#8217;ai ensuite \u00e9t\u00e9 certifi\u00e9 en pr\u00e9paration mentale via LNF, la seule formation reconnue d&#8217;\u00c9tat en France.<\/p>\n<p> Entre-temps, j&#8217;ai pu valider mes comp\u00e9tences acquises sur les terrains de basket au travers de programme Sport Comp\u00e9tences dont j&#8217;ai \u00e9t\u00e9 laur\u00e9at en 2020. <\/p>\n<p>Toutes ces formations m&#8217;ont permis d&#8217;\u00e9toffer la gamme d&#8217;outils \u00e0 ma disposition afin de r\u00e9pondre aux diff\u00e9rentes probl\u00e9matiques que vous pouvez rencontrer dans votre vie tant personnelle que professionnelle. <\/p>\n<p><strong>Je mets aujourd&#8217;hui mon exp\u00e9rience et mes comp\u00e9tences \u00e0 votre service.<\/strong><\/p>\n<h2>\n\t\tUn des tournants de ma carri\u00e8re de joueur a \u00e9t\u00e9 le travail sur la pr\u00e9paration mentale et les outils que cela m&#8217;a apport\u00e9.\n\t<\/h2>\n\t<p>Double champion de france, vainqueur de la Coupe de France et triple vainqueur du concours de tirs \u00e0 3 points du All Star Game et participation \u00e0 une saison d&#8217;Euroligue, le basket m&#8217;aura permis de vivre des exp\u00e9riences fortes autant humainement que sportivement, de rencontrer des gens de tous horizons, de voyager \u00e0 travers l&#8217;Europe. J&#8217;ai aussi connu des moments plus difficiles, des d\u00e9faites, des blessures, des moments de doutes et d&#8217;interrogations. C&#8217;est pr\u00e9cis\u00e9ment dans ces moments-l\u00e0 que le mental joue un r\u00f4le majeur et essentiel. Le discours interne, les routines et la pose d&#8217;objectifs m&#8217;ont aid\u00e9 \u00e0 avancer.<\/p>\n\t\t\t\t<img loading=\"lazy\" decoding=\"async\" src=\"https:\/\/limitlesscoaching.fr\/wp-content\/uploads\/2021\/12\/qui-suis-je-3.jpg\" alt=\"qui-suis-je-3\" itemprop=\"image\" height=\"600\" width=\"600\" title=\"qui-suis-je-3\" onerror=\"this.style.display='none'\"  \/>\n\t\t\t\t<img loading=\"lazy\" decoding=\"async\" src=\"https:\/\/limitlesscoaching.fr\/wp-content\/uploads\/2022\/04\/qui-suis-je-5.png\" alt=\"qui-suis-je-5\" itemprop=\"image\" height=\"600\" width=\"600\" title=\"qui-suis-je-5\" onerror=\"this.style.display='none'\"  \/>\n\t<p>En 2015, je cr\u00e9e avec 3 associ\u00e9s ma premi\u00e8re entreprise. Aujourd&#8217;hui \u00e0 la t\u00eate de 3 soci\u00e9t\u00e9s, j&#8217;ai pu \u00e9galement acqu\u00e9rir de l&#8217;exp\u00e9rience et mettre celle acquise durant ma carri\u00e8re de sportif au profit dans cette nouvelle aventure dont les similitudes avec le monde du sport ne sont plus \u00e0 d\u00e9montrer : communication, management, travail d&#8217;\u00e9quipe, pression, gestion du stress, fixation d&#8217;objectifs etc.<\/p>\n<h2>\n\t\tAujourd&#8217;hui, je mets mon exp\u00e9rience et les outils acquis dans mes formations \u00e0 votre disposition !\n\t<\/h2>\n\n","protected":false},"excerpt":{"rendered":"<p>Qui suis-je ? Je m&#8217;appelle Xavier Corosine et je suis coach de vie pr\u00e9parateur mental certifi\u00e9. Basketteur professionnel durant pr\u00e8s de 15 ans, j&#8217;ai d\u00e9di\u00e9 ma vie au sport et au basket en particulier que je pratique depuis que l&#8217;\u00e2ge de 7 ans. J&#8217;ai pu, tout au long de ma carri\u00e8re, apprendre l&#8217;exigence requise pour [&hellip;]<\/p>\n","protected":false},"author":1,"featured_media":0,"parent":0,"menu_order":0,"comment_status":"closed","ping_status":"closed","template":"","meta":{"om_disable_all_campaigns":false,"_monsterinsights_skip_tracking":false,"_monsterinsights_sitenote_active":false,"_monsterinsights_sitenote_note":"","_monsterinsights_sitenote_category":0,"site-sidebar-layout":"no-sidebar","site-content-layout":"page-builder","ast-site-content-layout":"","site-content-style":"default","site-sidebar-style":"default","ast-global-header-display":"","ast-banner-title-visibility":"","ast-main-header-display":"","ast-hfb-above-header-display":"","ast-hfb-below-header-display":"","ast-hfb-mobile-header-display":"","site-post-title":"disabled","ast-breadcrumbs-content":"disabled","ast-featured-img":"disabled","footer-sml-layout":"","theme-transparent-header-meta":"enabled","adv-header-id-meta":"","stick-header-meta":"","header-above-stick-meta":"","header-main-stick-meta":"","header-below-stick-meta":"","astra-migrate-meta-layouts":"default","ast-page-background-enabled":"default","ast-page-background-meta":{"desktop":{"background-color":"","background-image":"","background-repeat":"repeat","background-position":"center center","background-size":"auto","background-attachment":"scroll","background-type":"","background-media":"","overlay-type":"","overlay-color":"","overlay-opacity":"","overlay-gradient":""},"tablet":{"background-color":"","background-image":"","background-repeat":"repeat","background-position":"center center","background-size":"auto","background-attachment":"scroll","background-type":"","background-media":"","overlay-type":"","overlay-color":"","overlay-opacity":"","overlay-gradient":""},"mobile":{"background-color":"","background-image":"","background-repeat":"repeat","background-position":"center center","background-size":"auto","background-attachment":"scroll","background-type":"","background-media":"","overlay-type":"","overlay-color":"","overlay-opacity":"","overlay-gradient":""}},"ast-content-background-meta":{"desktop":{"background-color":"var(--ast-global-color-5)","background-image":"","background-repeat":"repeat","background-position":"center center","background-size":"auto","background-attachment":"scroll","background-type":"","background-media":"","overlay-type":"","overlay-color":"","overlay-opacity":"","overlay-gradient":""},"tablet":{"background-color":"var(--ast-global-color-5)","background-image":"","background-repeat":"repeat","background-position":"center center","background-size":"auto","background-attachment":"scroll","background-type":"","background-media":"","overlay-type":"","overlay-color":"","overlay-opacity":"","overlay-gradient":""},"mobile":{"background-color":"var(--ast-global-color-5)","background-image":"","background-repeat":"repeat","background-position":"center center","background-size":"auto","background-attachment":"scroll","background-type":"","background-media":"","overlay-type":"","overlay-color":"","overlay-opacity":"","overlay-gradient":""}},"footnotes":""},"class_list":["post-975","page","type-page","status-publish","hentry"],"aioseo_notices":[],"_links":{"self":[{"href":"https:\/\/limitlesscoaching.fr\/index.php\/wp-json\/wp\/v2\/pages\/975","targetHints":{"allow":["GET"]}}],"collection":[{"href":"https:\/\/limitlesscoaching.fr\/index.php\/wp-json\/wp\/v2\/pages"}],"about":[{"href":"https:\/\/limitlesscoaching.fr\/index.php\/wp-json\/wp\/v2\/types\/page"}],"author":[{"embeddable":true,"href":"https:\/\/limitlesscoaching.fr\/index.php\/wp-json\/wp\/v2\/users\/1"}],"replies":[{"embeddable":true,"href":"https:\/\/limitlesscoaching.fr\/index.php\/wp-json\/wp\/v2\/comments?post=975"}],"version-history":[{"count":28,"href":"https:\/\/limitlesscoaching.fr\/index.php\/wp-json\/wp\/v2\/pages\/975\/revisions"}],"predecessor-version":[{"id":1475,"href":"https:\/\/limitlesscoaching.fr\/index.php\/wp-json\/wp\/v2\/pages\/975\/revisions\/1475"}],"wp:attachment":[{"href":"https:\/\/limitlesscoaching.fr\/index.php\/wp-json\/wp\/v2\/media?parent=975"}],"curies":[{"name":"wp","href":"https:\/\/api.w.org\/{rel}","templated":true}]}}